{"id":68,"date":"2019-07-08T18:46:08","date_gmt":"2019-07-08T21:46:08","guid":{"rendered":"https:\/\/www.camcap.cl\/corporativa\/?page_id=68"},"modified":"2019-07-10T16:07:28","modified_gmt":"2019-07-10T19:07:28","slug":"servicios","status":"publish","type":"page","link":"https:\/\/www.camcap.cl\/corporativa\/servicios\/","title":{"rendered":"Servicios"},"content":{"rendered":"<h3>A trav\u00e9s del Centro de Capacitaci\u00f3n de la C\u00e1mara Aduanera de Chile, Camcap desarrolla servicios destinados a mejorar el desempe\u00f1o de los trabajadores.<\/h3>\n<ul class=\"lista\">\n<li>Capacitaci\u00f3n y Diplomados por Competencias Laborales<\/li>\n<li>Apoyo en la Gesti\u00f3n de Proyectos ISO 9001:2015 &#8211; UAF &#8211; OEA<\/li>\n<li>Materializaci\u00f3n de Nuestros Servicios<\/li>\n<li>Apoyo a la Gesti\u00f3n de Proyectos de Creatividad e Innovaci\u00f3n<\/li>\n<\/ul>\n","protected":false},"excerpt":{"rendered":"<p>A trav\u00e9s del Centro de Capacitaci\u00f3n de la C\u00e1mara Aduanera de Chile, Camcap desarrolla servicios destinados a mejorar el desempe\u00f1o de los trabajadores. Capacitaci\u00f3n y [&hellip;]<\/p>\n","protected":false},"author":1,"featured_media":0,"parent":0,"menu_order":0,"comment_status":"closed","ping_status":"closed","template":"","meta":{"footnotes":""},"class_list":["post-68","page","type-page","status-publish","hentry"],"yoast_head":"<!-- This site is optimized with the Yoast SEO plugin v25.3 - https:\/\/yoast.com\/wordpress\/plugins\/seo\/ -->\n<title>Servicios - CAMCAP - Instituto de Formaci\u00f3n de la C\u00e1mara Aduanera de Chile A.G<\/title>\n<meta name=\"robots\" content=\"index, follow, max-snippet:-1, max-image-preview:large, max-video-preview:-1\" \/>\n<link rel=\"canonical\" href=\"https:\/\/www.camcap.cl\/corporativa\/servicios\/\" \/>\n<meta property=\"og:locale\" content=\"es_ES\" \/>\n<meta property=\"og:type\" content=\"article\" \/>\n<meta property=\"og:title\" content=\"Servicios - CAMCAP - Instituto de Formaci\u00f3n de la C\u00e1mara Aduanera de Chile A.G\" \/>\n<meta property=\"og:description\" content=\"A trav\u00e9s del Centro de Capacitaci\u00f3n de la C\u00e1mara Aduanera de Chile, Camcap desarrolla servicios destinados a mejorar el desempe\u00f1o de los trabajadores. Capacitaci\u00f3n y [&hellip;]\" \/>\n<meta property=\"og:url\" content=\"https:\/\/www.camcap.cl\/corporativa\/servicios\/\" \/>\n<meta property=\"og:site_name\" content=\"CAMCAP - Instituto de Formaci\u00f3n de la C\u00e1mara Aduanera de Chile A.G\" \/>\n<meta property=\"article:modified_time\" content=\"2019-07-10T19:07:28+00:00\" \/>\n<meta name=\"twitter:card\" content=\"summary_large_image\" \/>\n<script type=\"application\/ld+json\" class=\"yoast-schema-graph\">{\"@context\":\"https:\/\/schema.org\",\"@graph\":[{\"@type\":\"WebPage\",\"@id\":\"https:\/\/www.camcap.cl\/corporativa\/servicios\/\",\"url\":\"https:\/\/www.camcap.cl\/corporativa\/servicios\/\",\"name\":\"Servicios - CAMCAP - Instituto de Formaci\u00f3n de la C\u00e1mara Aduanera de Chile A.G\",\"isPartOf\":{\"@id\":\"https:\/\/www.camcap.cl\/corporativa\/#website\"},\"datePublished\":\"2019-07-08T21:46:08+00:00\",\"dateModified\":\"2019-07-10T19:07:28+00:00\",\"breadcrumb\":{\"@id\":\"https:\/\/www.camcap.cl\/corporativa\/servicios\/#breadcrumb\"},\"inLanguage\":\"es-CL\",\"potentialAction\":[{\"@type\":\"ReadAction\",\"target\":[\"https:\/\/www.camcap.cl\/corporativa\/servicios\/\"]}]},{\"@type\":\"BreadcrumbList\",\"@id\":\"https:\/\/www.camcap.cl\/corporativa\/servicios\/#breadcrumb\",\"itemListElement\":[{\"@type\":\"ListItem\",\"position\":1,\"name\":\"Inicio\",\"item\":\"https:\/\/www.camcap.cl\/corporativa\/\"},{\"@type\":\"ListItem\",\"position\":2,\"name\":\"Servicios\"}]},{\"@type\":\"WebSite\",\"@id\":\"https:\/\/www.camcap.cl\/corporativa\/#website\",\"url\":\"https:\/\/www.camcap.cl\/corporativa\/\",\"name\":\"CAMCAP - Instituto de Formaci\u00f3n de la C\u00e1mara Aduanera de Chile A.G\",\"description\":\"Instituto de Formaci\u00f3n de la C\u00e1mara Aduanera de Chile A.G\",\"potentialAction\":[{\"@type\":\"SearchAction\",\"target\":{\"@type\":\"EntryPoint\",\"urlTemplate\":\"https:\/\/www.camcap.cl\/corporativa\/?s={search_term_string}\"},\"query-input\":{\"@type\":\"PropertyValueSpecification\",\"valueRequired\":true,\"valueName\":\"search_term_string\"}}],\"inLanguage\":\"es-CL\"}]}<\/script>\n<!-- \/ Yoast SEO plugin. -->","yoast_head_json":{"title":"Servicios - CAMCAP - Instituto de Formaci\u00f3n de la C\u00e1mara Aduanera de Chile A.G","robots":{"index":"index","follow":"follow","max-snippet":"max-snippet:-1","max-image-preview":"max-image-preview:large","max-video-preview":"max-video-preview:-1"},"canonical":"https:\/\/www.camcap.cl\/corporativa\/servicios\/","og_locale":"es_ES","og_type":"article","og_title":"Servicios - CAMCAP - Instituto de Formaci\u00f3n de la C\u00e1mara Aduanera de Chile A.G","og_description":"A trav\u00e9s del Centro de Capacitaci\u00f3n de la C\u00e1mara Aduanera de Chile, Camcap desarrolla servicios destinados a mejorar el desempe\u00f1o de los trabajadores. Capacitaci\u00f3n y [&hellip;]","og_url":"https:\/\/www.camcap.cl\/corporativa\/servicios\/","og_site_name":"CAMCAP - Instituto de Formaci\u00f3n de la C\u00e1mara Aduanera de Chile A.G","article_modified_time":"2019-07-10T19:07:28+00:00","twitter_card":"summary_large_image","schema":{"@context":"https:\/\/schema.org","@graph":[{"@type":"WebPage","@id":"https:\/\/www.camcap.cl\/corporativa\/servicios\/","url":"https:\/\/www.camcap.cl\/corporativa\/servicios\/","name":"Servicios - CAMCAP - Instituto de Formaci\u00f3n de la C\u00e1mara Aduanera de Chile A.G","isPartOf":{"@id":"https:\/\/www.camcap.cl\/corporativa\/#website"},"datePublished":"2019-07-08T21:46:08+00:00","dateModified":"2019-07-10T19:07:28+00:00","breadcrumb":{"@id":"https:\/\/www.camcap.cl\/corporativa\/servicios\/#breadcrumb"},"inLanguage":"es-CL","potentialAction":[{"@type":"ReadAction","target":["https:\/\/www.camcap.cl\/corporativa\/servicios\/"]}]},{"@type":"BreadcrumbList","@id":"https:\/\/www.camcap.cl\/corporativa\/servicios\/#breadcrumb","itemListElement":[{"@type":"ListItem","position":1,"name":"Inicio","item":"https:\/\/www.camcap.cl\/corporativa\/"},{"@type":"ListItem","position":2,"name":"Servicios"}]},{"@type":"WebSite","@id":"https:\/\/www.camcap.cl\/corporativa\/#website","url":"https:\/\/www.camcap.cl\/corporativa\/","name":"CAMCAP - Instituto de Formaci\u00f3n de la C\u00e1mara Aduanera de Chile A.G","description":"Instituto de Formaci\u00f3n de la C\u00e1mara Aduanera de Chile A.G","potentialAction":[{"@type":"SearchAction","target":{"@type":"EntryPoint","urlTemplate":"https:\/\/www.camcap.cl\/corporativa\/?s={search_term_string}"},"query-input":{"@type":"PropertyValueSpecification","valueRequired":true,"valueName":"search_term_string"}}],"inLanguage":"es-CL"}]}},"_links":{"self":[{"href":"https:\/\/www.camcap.cl\/corporativa\/wp-json\/wp\/v2\/pages\/68"}],"collection":[{"href":"https:\/\/www.camcap.cl\/corporativa\/wp-json\/wp\/v2\/pages"}],"about":[{"href":"https:\/\/www.camcap.cl\/corporativa\/wp-json\/wp\/v2\/types\/page"}],"author":[{"embeddable":true,"href":"https:\/\/www.camcap.cl\/corporativa\/wp-json\/wp\/v2\/users\/1"}],"replies":[{"embeddable":true,"href":"https:\/\/www.camcap.cl\/corporativa\/wp-json\/wp\/v2\/comments?post=68"}],"version-history":[{"count":3,"href":"https:\/\/www.camcap.cl\/corporativa\/wp-json\/wp\/v2\/pages\/68\/revisions"}],"predecessor-version":[{"id":112,"href":"https:\/\/www.camcap.cl\/corporativa\/wp-json\/wp\/v2\/pages\/68\/revisions\/112"}],"wp:attachment":[{"href":"https:\/\/www.camcap.cl\/corporativa\/wp-json\/wp\/v2\/media?parent=68"}],"curies":[{"name":"wp","href":"https:\/\/api.w.org\/{rel}","templated":true}]}}