{"id":49,"date":"2019-07-08T16:05:25","date_gmt":"2019-07-08T19:05:25","guid":{"rendered":"https:\/\/www.camcap.cl\/corporativa\/?page_id=49"},"modified":"2019-08-13T19:35:51","modified_gmt":"2019-08-13T22:35:51","slug":"cargos-e-integrantes","status":"publish","type":"page","link":"https:\/\/www.camcap.cl\/corporativa\/cargos-e-integrantes\/","title":{"rendered":"Cargos e integrantes"},"content":{"rendered":"<div id=\"directoriocamcap\">\n<ul>\n<li>\n<img decoding=\"async\" src=\"https:\/\/www.camcap.cl\/corporativa\/wp-content\/uploads\/2019\/08\/hernan_bustos_diaz_director_ejecutivo_3.png\" alt=\"Hern\u00e1n Bustos D\u00edaz - Director Ejecutivo\" class=\"alignnone size-full wp-image-81\" \/><\/p>\n<p>Hern\u00e1n Bustos D\u00edaz<\/p>\n<p class=\"cargo\">Director Ejecutivo<\/p>\n<p class=\"cargo\">hernan.bustos@camcap.cl<\/p>\n<p class=\"cargo\">+56 32 2555332<\/p>\n<\/li>\n<li>\n<img decoding=\"async\" src=\"https:\/\/www.camcap.cl\/corporativa\/wp-content\/uploads\/2019\/08\/juan_retamales_coordinador_diplomas_2.png\" alt=\"Juan Retamales Pardo - Coordinador de Diplomas\" class=\"alignnone size-full wp-image-81\" \/><\/p>\n<p>Juan Retamales Pardo<\/p>\n<p class=\"cargo\">Coordinador de Diplomas<\/p>\n<p class=\"cargo\">juan.retamales@camcap.cl<\/p>\n<p class=\"cargo\">+56 32 2555329<\/p>\n<\/li>\n<li>\n<img decoding=\"async\" src=\"https:\/\/www.camcap.cl\/corporativa\/wp-content\/uploads\/2019\/08\/alejandra-gutierrez-02.png\" alt=\"Alejandra Guti\u00e9rrez Riquelme - Gestor Comercial\" class=\"alignnone size-full wp-image-202\" \/><\/p>\n<p>Alejandra Guti\u00e9rrez Riquelme<\/p>\n<p class=\"cargo\">Coordinadora de Capacitaci\u00f3n<\/p>\n<p class=\"cargo\">alejandra.gutierrez@camcap.cl<\/p>\n<p class=\"cargo\">+56 32 2555330<\/p>\n<\/li>\n<li>\n<img decoding=\"async\" src=\"https:\/\/www.camcap.cl\/corporativa\/wp-content\/uploads\/2019\/08\/armando-mancilla-02.png\" alt=\"Armando Mancilla - Operaciones\" class=\"alignnone size-full wp-image-203\" \/><\/p>\n<p>Armando Mancilla Aguilera<\/p>\n<p class=\"cargo\">Administraci\u00f3n y Finanzas<\/p>\n<p class=\"cargo\">administracion@camcap.cl<\/p>\n<p class=\"cargo\">+56 32 2555316<\/p>\n<\/li>\n<\/ul>\n<\/div>\n","protected":false},"excerpt":{"rendered":"<p>Hern\u00e1n Bustos D\u00edaz Director Ejecutivo hernan.bustos@camcap.cl +56 32 2555332 Juan Retamales Pardo Coordinador de Diplomas juan.retamales@camcap.cl +56 32 2555329 Alejandra Guti\u00e9rrez Riquelme Coordinadora de Capacitaci\u00f3n [&hellip;]<\/p>\n","protected":false},"author":1,"featured_media":0,"parent":0,"menu_order":0,"comment_status":"closed","ping_status":"closed","template":"","meta":{"footnotes":""},"class_list":["post-49","page","type-page","status-publish","hentry"],"yoast_head":"<!-- This site is optimized with the Yoast SEO plugin v25.3 - https:\/\/yoast.com\/wordpress\/plugins\/seo\/ -->\n<title>Cargos e integrantes - CAMCAP - Instituto de Formaci\u00f3n de la C\u00e1mara Aduanera de Chile A.G<\/title>\n<meta name=\"robots\" content=\"index, follow, max-snippet:-1, max-image-preview:large, max-video-preview:-1\" \/>\n<link rel=\"canonical\" href=\"https:\/\/www.camcap.cl\/corporativa\/cargos-e-integrantes\/\" \/>\n<meta property=\"og:locale\" content=\"es_ES\" \/>\n<meta property=\"og:type\" content=\"article\" \/>\n<meta property=\"og:title\" content=\"Cargos e integrantes - CAMCAP - Instituto de Formaci\u00f3n de la C\u00e1mara Aduanera de Chile A.G\" \/>\n<meta property=\"og:description\" content=\"Hern\u00e1n Bustos D\u00edaz Director Ejecutivo hernan.bustos@camcap.cl +56 32 2555332 Juan Retamales Pardo Coordinador de Diplomas juan.retamales@camcap.cl +56 32 2555329 Alejandra Guti\u00e9rrez Riquelme Coordinadora de Capacitaci\u00f3n [&hellip;]\" \/>\n<meta property=\"og:url\" content=\"https:\/\/www.camcap.cl\/corporativa\/cargos-e-integrantes\/\" \/>\n<meta property=\"og:site_name\" content=\"CAMCAP - Instituto de Formaci\u00f3n de la C\u00e1mara Aduanera de Chile A.G\" \/>\n<meta property=\"article:modified_time\" content=\"2019-08-13T22:35:51+00:00\" \/>\n<meta property=\"og:image\" content=\"https:\/\/www.camcap.cl\/corporativa\/wp-content\/uploads\/2019\/08\/hernan_bustos_diaz_director_ejecutivo_3.png\" \/>\n<meta name=\"twitter:card\" content=\"summary_large_image\" \/>\n<script type=\"application\/ld+json\" class=\"yoast-schema-graph\">{\"@context\":\"https:\/\/schema.org\",\"@graph\":[{\"@type\":\"WebPage\",\"@id\":\"https:\/\/www.camcap.cl\/corporativa\/cargos-e-integrantes\/\",\"url\":\"https:\/\/www.camcap.cl\/corporativa\/cargos-e-integrantes\/\",\"name\":\"Cargos e integrantes - CAMCAP - Instituto de Formaci\u00f3n de la C\u00e1mara Aduanera de Chile A.G\",\"isPartOf\":{\"@id\":\"https:\/\/www.camcap.cl\/corporativa\/#website\"},\"primaryImageOfPage\":{\"@id\":\"https:\/\/www.camcap.cl\/corporativa\/cargos-e-integrantes\/#primaryimage\"},\"image\":{\"@id\":\"https:\/\/www.camcap.cl\/corporativa\/cargos-e-integrantes\/#primaryimage\"},\"thumbnailUrl\":\"https:\/\/www.camcap.cl\/corporativa\/wp-content\/uploads\/2019\/08\/hernan_bustos_diaz_director_ejecutivo_3.png\",\"datePublished\":\"2019-07-08T19:05:25+00:00\",\"dateModified\":\"2019-08-13T22:35:51+00:00\",\"breadcrumb\":{\"@id\":\"https:\/\/www.camcap.cl\/corporativa\/cargos-e-integrantes\/#breadcrumb\"},\"inLanguage\":\"es-CL\",\"potentialAction\":[{\"@type\":\"ReadAction\",\"target\":[\"https:\/\/www.camcap.cl\/corporativa\/cargos-e-integrantes\/\"]}]},{\"@type\":\"ImageObject\",\"inLanguage\":\"es-CL\",\"@id\":\"https:\/\/www.camcap.cl\/corporativa\/cargos-e-integrantes\/#primaryimage\",\"url\":\"https:\/\/www.camcap.cl\/corporativa\/wp-content\/uploads\/2019\/08\/hernan_bustos_diaz_director_ejecutivo_3.png\",\"contentUrl\":\"https:\/\/www.camcap.cl\/corporativa\/wp-content\/uploads\/2019\/08\/hernan_bustos_diaz_director_ejecutivo_3.png\",\"width\":300,\"height\":300},{\"@type\":\"BreadcrumbList\",\"@id\":\"https:\/\/www.camcap.cl\/corporativa\/cargos-e-integrantes\/#breadcrumb\",\"itemListElement\":[{\"@type\":\"ListItem\",\"position\":1,\"name\":\"Inicio\",\"item\":\"https:\/\/www.camcap.cl\/corporativa\/\"},{\"@type\":\"ListItem\",\"position\":2,\"name\":\"Cargos e integrantes\"}]},{\"@type\":\"WebSite\",\"@id\":\"https:\/\/www.camcap.cl\/corporativa\/#website\",\"url\":\"https:\/\/www.camcap.cl\/corporativa\/\",\"name\":\"CAMCAP - Instituto de Formaci\u00f3n de la C\u00e1mara Aduanera de Chile A.G\",\"description\":\"Instituto de Formaci\u00f3n de la C\u00e1mara Aduanera de Chile A.G\",\"potentialAction\":[{\"@type\":\"SearchAction\",\"target\":{\"@type\":\"EntryPoint\",\"urlTemplate\":\"https:\/\/www.camcap.cl\/corporativa\/?s={search_term_string}\"},\"query-input\":{\"@type\":\"PropertyValueSpecification\",\"valueRequired\":true,\"valueName\":\"search_term_string\"}}],\"inLanguage\":\"es-CL\"}]}<\/script>\n<!-- \/ Yoast SEO plugin. -->","yoast_head_json":{"title":"Cargos e integrantes - CAMCAP - Instituto de Formaci\u00f3n de la C\u00e1mara Aduanera de Chile A.G","robots":{"index":"index","follow":"follow","max-snippet":"max-snippet:-1","max-image-preview":"max-image-preview:large","max-video-preview":"max-video-preview:-1"},"canonical":"https:\/\/www.camcap.cl\/corporativa\/cargos-e-integrantes\/","og_locale":"es_ES","og_type":"article","og_title":"Cargos e integrantes - CAMCAP - Instituto de Formaci\u00f3n de la C\u00e1mara Aduanera de Chile A.G","og_description":"Hern\u00e1n Bustos D\u00edaz Director Ejecutivo hernan.bustos@camcap.cl +56 32 2555332 Juan Retamales Pardo Coordinador de Diplomas juan.retamales@camcap.cl +56 32 2555329 Alejandra Guti\u00e9rrez Riquelme Coordinadora de Capacitaci\u00f3n [&hellip;]","og_url":"https:\/\/www.camcap.cl\/corporativa\/cargos-e-integrantes\/","og_site_name":"CAMCAP - Instituto de Formaci\u00f3n de la C\u00e1mara Aduanera de Chile A.G","article_modified_time":"2019-08-13T22:35:51+00:00","og_image":[{"url":"https:\/\/www.camcap.cl\/corporativa\/wp-content\/uploads\/2019\/08\/hernan_bustos_diaz_director_ejecutivo_3.png","type":"","width":"","height":""}],"twitter_card":"summary_large_image","schema":{"@context":"https:\/\/schema.org","@graph":[{"@type":"WebPage","@id":"https:\/\/www.camcap.cl\/corporativa\/cargos-e-integrantes\/","url":"https:\/\/www.camcap.cl\/corporativa\/cargos-e-integrantes\/","name":"Cargos e integrantes - CAMCAP - Instituto de Formaci\u00f3n de la C\u00e1mara Aduanera de Chile A.G","isPartOf":{"@id":"https:\/\/www.camcap.cl\/corporativa\/#website"},"primaryImageOfPage":{"@id":"https:\/\/www.camcap.cl\/corporativa\/cargos-e-integrantes\/#primaryimage"},"image":{"@id":"https:\/\/www.camcap.cl\/corporativa\/cargos-e-integrantes\/#primaryimage"},"thumbnailUrl":"https:\/\/www.camcap.cl\/corporativa\/wp-content\/uploads\/2019\/08\/hernan_bustos_diaz_director_ejecutivo_3.png","datePublished":"2019-07-08T19:05:25+00:00","dateModified":"2019-08-13T22:35:51+00:00","breadcrumb":{"@id":"https:\/\/www.camcap.cl\/corporativa\/cargos-e-integrantes\/#breadcrumb"},"inLanguage":"es-CL","potentialAction":[{"@type":"ReadAction","target":["https:\/\/www.camcap.cl\/corporativa\/cargos-e-integrantes\/"]}]},{"@type":"ImageObject","inLanguage":"es-CL","@id":"https:\/\/www.camcap.cl\/corporativa\/cargos-e-integrantes\/#primaryimage","url":"https:\/\/www.camcap.cl\/corporativa\/wp-content\/uploads\/2019\/08\/hernan_bustos_diaz_director_ejecutivo_3.png","contentUrl":"https:\/\/www.camcap.cl\/corporativa\/wp-content\/uploads\/2019\/08\/hernan_bustos_diaz_director_ejecutivo_3.png","width":300,"height":300},{"@type":"BreadcrumbList","@id":"https:\/\/www.camcap.cl\/corporativa\/cargos-e-integrantes\/#breadcrumb","itemListElement":[{"@type":"ListItem","position":1,"name":"Inicio","item":"https:\/\/www.camcap.cl\/corporativa\/"},{"@type":"ListItem","position":2,"name":"Cargos e integrantes"}]},{"@type":"WebSite","@id":"https:\/\/www.camcap.cl\/corporativa\/#website","url":"https:\/\/www.camcap.cl\/corporativa\/","name":"CAMCAP - Instituto de Formaci\u00f3n de la C\u00e1mara Aduanera de Chile A.G","description":"Instituto de Formaci\u00f3n de la C\u00e1mara Aduanera de Chile A.G","potentialAction":[{"@type":"SearchAction","target":{"@type":"EntryPoint","urlTemplate":"https:\/\/www.camcap.cl\/corporativa\/?s={search_term_string}"},"query-input":{"@type":"PropertyValueSpecification","valueRequired":true,"valueName":"search_term_string"}}],"inLanguage":"es-CL"}]}},"_links":{"self":[{"href":"https:\/\/www.camcap.cl\/corporativa\/wp-json\/wp\/v2\/pages\/49"}],"collection":[{"href":"https:\/\/www.camcap.cl\/corporativa\/wp-json\/wp\/v2\/pages"}],"about":[{"href":"https:\/\/www.camcap.cl\/corporativa\/wp-json\/wp\/v2\/types\/page"}],"author":[{"embeddable":true,"href":"https:\/\/www.camcap.cl\/corporativa\/wp-json\/wp\/v2\/users\/1"}],"replies":[{"embeddable":true,"href":"https:\/\/www.camcap.cl\/corporativa\/wp-json\/wp\/v2\/comments?post=49"}],"version-history":[{"count":15,"href":"https:\/\/www.camcap.cl\/corporativa\/wp-json\/wp\/v2\/pages\/49\/revisions"}],"predecessor-version":[{"id":380,"href":"https:\/\/www.camcap.cl\/corporativa\/wp-json\/wp\/v2\/pages\/49\/revisions\/380"}],"wp:attachment":[{"href":"https:\/\/www.camcap.cl\/corporativa\/wp-json\/wp\/v2\/media?parent=49"}],"curies":[{"name":"wp","href":"https:\/\/api.w.org\/{rel}","templated":true}]}}