{"id":47,"date":"2019-07-08T16:04:46","date_gmt":"2019-07-08T19:04:46","guid":{"rendered":"https:\/\/www.camcap.cl\/corporativa\/?page_id=47"},"modified":"2019-07-10T14:44:26","modified_gmt":"2019-07-10T17:44:26","slug":"vision-mision-y-estrategia","status":"publish","type":"page","link":"https:\/\/www.camcap.cl\/corporativa\/vision-mision-y-estrategia\/","title":{"rendered":"Visi\u00f3n, misi\u00f3n, y estrategia"},"content":{"rendered":"<h3>Visi\u00f3n<\/h3>\n<p>Proteger y maximizar los objetivos estrat\u00e9gicos de nuestros clientes.<\/p>\n<h3>Misi\u00f3n<\/h3>\n<p>Ofrecer soluciones constantes en Clientes a trav\u00e9s del Capital Humano.<\/p>\n<h3>Estrategia<\/h3>\n<ul class=\"lista\">\n<li>Procesos y actividades sustentados en normas de Gesti\u00f3n.<\/li>\n<li>Orientaci\u00f3n de procesos y servicios a necesidades de los clientes.<\/li>\n<li>Procesos y actividades basados en el concepto de trabajo en equipo.<\/li>\n<li>Intenso uso de herramientas tecnol\u00f3gicas (TI).<\/li>\n<li>Fuerte posicionamiento comunicacional.<\/li>\n<li>Fuerte inclinaci\u00f3n a metodolog\u00edas de aula innovadoras y participativas.<\/li>\n<\/ul>\n","protected":false},"excerpt":{"rendered":"<p>Visi\u00f3n Proteger y maximizar los objetivos estrat\u00e9gicos de nuestros clientes. Misi\u00f3n Ofrecer soluciones constantes en Clientes a trav\u00e9s del Capital Humano. Estrategia Procesos y actividades [&hellip;]<\/p>\n","protected":false},"author":1,"featured_media":0,"parent":0,"menu_order":0,"comment_status":"closed","ping_status":"closed","template":"page-form.php","meta":{"footnotes":""},"class_list":["post-47","page","type-page","status-publish","hentry"],"yoast_head":"<!-- This site is optimized with the Yoast SEO plugin v25.3 - https:\/\/yoast.com\/wordpress\/plugins\/seo\/ -->\n<title>Visi\u00f3n, misi\u00f3n, y estrategia - CAMCAP - Instituto de Formaci\u00f3n de la C\u00e1mara Aduanera de Chile A.G<\/title>\n<meta name=\"robots\" content=\"index, follow, max-snippet:-1, max-image-preview:large, max-video-preview:-1\" \/>\n<link rel=\"canonical\" href=\"https:\/\/www.camcap.cl\/corporativa\/vision-mision-y-estrategia\/\" \/>\n<meta property=\"og:locale\" content=\"es_ES\" \/>\n<meta property=\"og:type\" content=\"article\" \/>\n<meta property=\"og:title\" content=\"Visi\u00f3n, misi\u00f3n, y estrategia - CAMCAP - Instituto de Formaci\u00f3n de la C\u00e1mara Aduanera de Chile A.G\" \/>\n<meta property=\"og:description\" content=\"Visi\u00f3n Proteger y maximizar los objetivos estrat\u00e9gicos de nuestros clientes. Misi\u00f3n Ofrecer soluciones constantes en Clientes a trav\u00e9s del Capital Humano. Estrategia Procesos y actividades [&hellip;]\" \/>\n<meta property=\"og:url\" content=\"https:\/\/www.camcap.cl\/corporativa\/vision-mision-y-estrategia\/\" \/>\n<meta property=\"og:site_name\" content=\"CAMCAP - Instituto de Formaci\u00f3n de la C\u00e1mara Aduanera de Chile A.G\" \/>\n<meta property=\"article:modified_time\" content=\"2019-07-10T17:44:26+00:00\" \/>\n<meta name=\"twitter:card\" content=\"summary_large_image\" \/>\n<script type=\"application\/ld+json\" class=\"yoast-schema-graph\">{\"@context\":\"https:\/\/schema.org\",\"@graph\":[{\"@type\":\"WebPage\",\"@id\":\"https:\/\/www.camcap.cl\/corporativa\/vision-mision-y-estrategia\/\",\"url\":\"https:\/\/www.camcap.cl\/corporativa\/vision-mision-y-estrategia\/\",\"name\":\"Visi\u00f3n, misi\u00f3n, y estrategia - CAMCAP - Instituto de Formaci\u00f3n de la C\u00e1mara Aduanera de Chile A.G\",\"isPartOf\":{\"@id\":\"https:\/\/www.camcap.cl\/corporativa\/#website\"},\"datePublished\":\"2019-07-08T19:04:46+00:00\",\"dateModified\":\"2019-07-10T17:44:26+00:00\",\"breadcrumb\":{\"@id\":\"https:\/\/www.camcap.cl\/corporativa\/vision-mision-y-estrategia\/#breadcrumb\"},\"inLanguage\":\"es-CL\",\"potentialAction\":[{\"@type\":\"ReadAction\",\"target\":[\"https:\/\/www.camcap.cl\/corporativa\/vision-mision-y-estrategia\/\"]}]},{\"@type\":\"BreadcrumbList\",\"@id\":\"https:\/\/www.camcap.cl\/corporativa\/vision-mision-y-estrategia\/#breadcrumb\",\"itemListElement\":[{\"@type\":\"ListItem\",\"position\":1,\"name\":\"Inicio\",\"item\":\"https:\/\/www.camcap.cl\/corporativa\/\"},{\"@type\":\"ListItem\",\"position\":2,\"name\":\"Visi\u00f3n, misi\u00f3n, y estrategia\"}]},{\"@type\":\"WebSite\",\"@id\":\"https:\/\/www.camcap.cl\/corporativa\/#website\",\"url\":\"https:\/\/www.camcap.cl\/corporativa\/\",\"name\":\"CAMCAP - Instituto de Formaci\u00f3n de la C\u00e1mara Aduanera de Chile A.G\",\"description\":\"Instituto de Formaci\u00f3n de la C\u00e1mara Aduanera de Chile A.G\",\"potentialAction\":[{\"@type\":\"SearchAction\",\"target\":{\"@type\":\"EntryPoint\",\"urlTemplate\":\"https:\/\/www.camcap.cl\/corporativa\/?s={search_term_string}\"},\"query-input\":{\"@type\":\"PropertyValueSpecification\",\"valueRequired\":true,\"valueName\":\"search_term_string\"}}],\"inLanguage\":\"es-CL\"}]}<\/script>\n<!-- \/ Yoast SEO plugin. -->","yoast_head_json":{"title":"Visi\u00f3n, misi\u00f3n, y estrategia - CAMCAP - Instituto de Formaci\u00f3n de la C\u00e1mara Aduanera de Chile A.G","robots":{"index":"index","follow":"follow","max-snippet":"max-snippet:-1","max-image-preview":"max-image-preview:large","max-video-preview":"max-video-preview:-1"},"canonical":"https:\/\/www.camcap.cl\/corporativa\/vision-mision-y-estrategia\/","og_locale":"es_ES","og_type":"article","og_title":"Visi\u00f3n, misi\u00f3n, y estrategia - CAMCAP - Instituto de Formaci\u00f3n de la C\u00e1mara Aduanera de Chile A.G","og_description":"Visi\u00f3n Proteger y maximizar los objetivos estrat\u00e9gicos de nuestros clientes. Misi\u00f3n Ofrecer soluciones constantes en Clientes a trav\u00e9s del Capital Humano. Estrategia Procesos y actividades [&hellip;]","og_url":"https:\/\/www.camcap.cl\/corporativa\/vision-mision-y-estrategia\/","og_site_name":"CAMCAP - Instituto de Formaci\u00f3n de la C\u00e1mara Aduanera de Chile A.G","article_modified_time":"2019-07-10T17:44:26+00:00","twitter_card":"summary_large_image","schema":{"@context":"https:\/\/schema.org","@graph":[{"@type":"WebPage","@id":"https:\/\/www.camcap.cl\/corporativa\/vision-mision-y-estrategia\/","url":"https:\/\/www.camcap.cl\/corporativa\/vision-mision-y-estrategia\/","name":"Visi\u00f3n, misi\u00f3n, y estrategia - CAMCAP - Instituto de Formaci\u00f3n de la C\u00e1mara Aduanera de Chile A.G","isPartOf":{"@id":"https:\/\/www.camcap.cl\/corporativa\/#website"},"datePublished":"2019-07-08T19:04:46+00:00","dateModified":"2019-07-10T17:44:26+00:00","breadcrumb":{"@id":"https:\/\/www.camcap.cl\/corporativa\/vision-mision-y-estrategia\/#breadcrumb"},"inLanguage":"es-CL","potentialAction":[{"@type":"ReadAction","target":["https:\/\/www.camcap.cl\/corporativa\/vision-mision-y-estrategia\/"]}]},{"@type":"BreadcrumbList","@id":"https:\/\/www.camcap.cl\/corporativa\/vision-mision-y-estrategia\/#breadcrumb","itemListElement":[{"@type":"ListItem","position":1,"name":"Inicio","item":"https:\/\/www.camcap.cl\/corporativa\/"},{"@type":"ListItem","position":2,"name":"Visi\u00f3n, misi\u00f3n, y estrategia"}]},{"@type":"WebSite","@id":"https:\/\/www.camcap.cl\/corporativa\/#website","url":"https:\/\/www.camcap.cl\/corporativa\/","name":"CAMCAP - Instituto de Formaci\u00f3n de la C\u00e1mara Aduanera de Chile A.G","description":"Instituto de Formaci\u00f3n de la C\u00e1mara Aduanera de Chile A.G","potentialAction":[{"@type":"SearchAction","target":{"@type":"EntryPoint","urlTemplate":"https:\/\/www.camcap.cl\/corporativa\/?s={search_term_string}"},"query-input":{"@type":"PropertyValueSpecification","valueRequired":true,"valueName":"search_term_string"}}],"inLanguage":"es-CL"}]}},"_links":{"self":[{"href":"https:\/\/www.camcap.cl\/corporativa\/wp-json\/wp\/v2\/pages\/47"}],"collection":[{"href":"https:\/\/www.camcap.cl\/corporativa\/wp-json\/wp\/v2\/pages"}],"about":[{"href":"https:\/\/www.camcap.cl\/corporativa\/wp-json\/wp\/v2\/types\/page"}],"author":[{"embeddable":true,"href":"https:\/\/www.camcap.cl\/corporativa\/wp-json\/wp\/v2\/users\/1"}],"replies":[{"embeddable":true,"href":"https:\/\/www.camcap.cl\/corporativa\/wp-json\/wp\/v2\/comments?post=47"}],"version-history":[{"count":6,"href":"https:\/\/www.camcap.cl\/corporativa\/wp-json\/wp\/v2\/pages\/47\/revisions"}],"predecessor-version":[{"id":102,"href":"https:\/\/www.camcap.cl\/corporativa\/wp-json\/wp\/v2\/pages\/47\/revisions\/102"}],"wp:attachment":[{"href":"https:\/\/www.camcap.cl\/corporativa\/wp-json\/wp\/v2\/media?parent=47"}],"curies":[{"name":"wp","href":"https:\/\/api.w.org\/{rel}","templated":true}]}}