{"id":45,"date":"2019-07-08T16:03:54","date_gmt":"2019-07-08T19:03:54","guid":{"rendered":"https:\/\/www.camcap.cl\/corporativa\/?page_id=45"},"modified":"2025-07-25T13:22:28","modified_gmt":"2025-07-25T16:22:28","slug":"directorio-camcap","status":"publish","type":"page","link":"https:\/\/www.camcap.cl\/corporativa\/directorio-camcap\/","title":{"rendered":"Directorio Camcap"},"content":{"rendered":"\n<div class=\"wp-block-columns is-layout-flex wp-container-core-columns-is-layout-1 wp-block-columns-is-layout-flex\">\n<div class=\"wp-block-column is-layout-flow wp-block-column-is-layout-flow\"><div class=\"wp-block-image\">\n<figure class=\"aligncenter size-full\"><img loading=\"lazy\" decoding=\"async\" width=\"300\" height=\"300\" src=\"https:\/\/www.camcap.cl\/corporativa\/wp-content\/uploads\/2019\/08\/felipe_serrano_solar_presidente_3.png\" alt=\"\" class=\"wp-image-369\" srcset=\"https:\/\/www.camcap.cl\/corporativa\/wp-content\/uploads\/2019\/08\/felipe_serrano_solar_presidente_3.png 300w, https:\/\/www.camcap.cl\/corporativa\/wp-content\/uploads\/2019\/08\/felipe_serrano_solar_presidente_3-150x150.png 150w\" sizes=\"(max-width: 300px) 100vw, 300px\" \/><\/figure><\/div>\n\n\n<p class=\"has-text-align-center has-medium-font-size\"><strong>Felipe Serrano<\/strong><\/p>\n\n\n\n<p class=\"has-text-align-center\">Presidente<\/p>\n<\/div>\n\n\n\n<div class=\"wp-block-column is-layout-flow wp-block-column-is-layout-flow\"><div class=\"wp-block-image\">\n<figure class=\"aligncenter size-full\"><img loading=\"lazy\" decoding=\"async\" width=\"300\" height=\"298\" src=\"https:\/\/www.camcap.cl\/corporativa\/wp-content\/uploads\/2025\/01\/luis_vargas_figuroa_camcap.png\" alt=\"\" class=\"wp-image-454\" srcset=\"https:\/\/www.camcap.cl\/corporativa\/wp-content\/uploads\/2025\/01\/luis_vargas_figuroa_camcap.png 300w, https:\/\/www.camcap.cl\/corporativa\/wp-content\/uploads\/2025\/01\/luis_vargas_figuroa_camcap-150x150.png 150w\" sizes=\"(max-width: 300px) 100vw, 300px\" \/><\/figure><\/div>\n\n\n<p class=\"has-text-align-center has-medium-font-size\"><strong>Luis Vargas Figueroa<\/strong><\/p>\n\n\n\n<p class=\"has-text-align-center\">Director Tesorero<\/p>\n<\/div>\n<\/div>\n\n\n\n<div class=\"wp-block-columns is-layout-flex wp-container-core-columns-is-layout-2 wp-block-columns-is-layout-flex\">\n<div class=\"wp-block-column is-layout-flow wp-block-column-is-layout-flow\"><div class=\"wp-block-image\">\n<figure class=\"aligncenter size-full\"><img loading=\"lazy\" decoding=\"async\" width=\"300\" height=\"300\" src=\"https:\/\/www.camcap.cl\/corporativa\/wp-content\/uploads\/2023\/08\/alejandro_etcheverry.png\" alt=\"\" class=\"wp-image-443\" srcset=\"https:\/\/www.camcap.cl\/corporativa\/wp-content\/uploads\/2023\/08\/alejandro_etcheverry.png 300w, https:\/\/www.camcap.cl\/corporativa\/wp-content\/uploads\/2023\/08\/alejandro_etcheverry-150x150.png 150w\" sizes=\"(max-width: 300px) 100vw, 300px\" \/><\/figure><\/div>\n\n\n<p class=\"has-text-align-center has-medium-font-size\"><strong>Alejandro Etcheverry Aretsen<\/strong><\/p>\n\n\n\n<p class=\"has-text-align-center\">Director<\/p>\n<\/div>\n\n\n\n<div class=\"wp-block-column is-layout-flow wp-block-column-is-layout-flow\"><div class=\"wp-block-image\">\n<figure class=\"aligncenter size-full\"><img loading=\"lazy\" decoding=\"async\" width=\"300\" height=\"300\" src=\"https:\/\/www.camcap.cl\/corporativa\/wp-content\/uploads\/2019\/08\/hernan_bustos_diaz_director_ejecutivo_3.png\" alt=\"\" class=\"wp-image-370\" srcset=\"https:\/\/www.camcap.cl\/corporativa\/wp-content\/uploads\/2019\/08\/hernan_bustos_diaz_director_ejecutivo_3.png 300w, https:\/\/www.camcap.cl\/corporativa\/wp-content\/uploads\/2019\/08\/hernan_bustos_diaz_director_ejecutivo_3-150x150.png 150w\" sizes=\"(max-width: 300px) 100vw, 300px\" \/><\/figure><\/div>\n\n\n<p class=\"has-text-align-center has-medium-font-size\"><strong>Hern\u00e1n Bustos D\u00edaz<\/strong><\/p>\n\n\n\n<p class=\"has-text-align-center\">Director Ejecutivo<\/p>\n<\/div>\n<\/div>\n","protected":false},"excerpt":{"rendered":"<p>Felipe Serrano Presidente Luis Vargas Figueroa Director Tesorero Alejandro Etcheverry Aretsen Director Hern\u00e1n Bustos D\u00edaz Director Ejecutivo<\/p>\n","protected":false},"author":1,"featured_media":0,"parent":0,"menu_order":0,"comment_status":"closed","ping_status":"closed","template":"","meta":{"footnotes":""},"class_list":["post-45","page","type-page","status-publish","hentry"],"yoast_head":"<!-- This site is optimized with the Yoast SEO plugin v25.3 - https:\/\/yoast.com\/wordpress\/plugins\/seo\/ -->\n<title>Directorio Camcap - CAMCAP - Instituto de Formaci\u00f3n de la C\u00e1mara Aduanera de Chile A.G<\/title>\n<meta name=\"robots\" content=\"index, follow, max-snippet:-1, max-image-preview:large, max-video-preview:-1\" \/>\n<link rel=\"canonical\" href=\"https:\/\/www.camcap.cl\/corporativa\/directorio-camcap\/\" \/>\n<meta property=\"og:locale\" content=\"es_ES\" \/>\n<meta property=\"og:type\" content=\"article\" \/>\n<meta property=\"og:title\" content=\"Directorio Camcap - CAMCAP - Instituto de Formaci\u00f3n de la C\u00e1mara Aduanera de Chile A.G\" \/>\n<meta property=\"og:description\" content=\"Felipe Serrano Presidente Luis Vargas Figueroa Director Tesorero Alejandro Etcheverry Aretsen Director Hern\u00e1n Bustos D\u00edaz Director Ejecutivo\" \/>\n<meta property=\"og:url\" content=\"https:\/\/www.camcap.cl\/corporativa\/directorio-camcap\/\" \/>\n<meta property=\"og:site_name\" content=\"CAMCAP - Instituto de Formaci\u00f3n de la C\u00e1mara Aduanera de Chile A.G\" \/>\n<meta property=\"article:modified_time\" content=\"2025-07-25T16:22:28+00:00\" \/>\n<meta property=\"og:image\" content=\"https:\/\/www.camcap.cl\/corporativa\/wp-content\/uploads\/2019\/08\/felipe_serrano_solar_presidente_3.png\" \/>\n\t<meta property=\"og:image:width\" content=\"300\" \/>\n\t<meta property=\"og:image:height\" content=\"300\" \/>\n\t<meta property=\"og:image:type\" content=\"image\/png\" \/>\n<meta name=\"twitter:card\" content=\"summary_large_image\" \/>\n<meta name=\"twitter:label1\" content=\"Tiempo estimado de lectura\" \/>\n\t<meta name=\"twitter:data1\" content=\"1 minuto\" \/>\n<script type=\"application\/ld+json\" class=\"yoast-schema-graph\">{\"@context\":\"https:\/\/schema.org\",\"@graph\":[{\"@type\":\"WebPage\",\"@id\":\"https:\/\/www.camcap.cl\/corporativa\/directorio-camcap\/\",\"url\":\"https:\/\/www.camcap.cl\/corporativa\/directorio-camcap\/\",\"name\":\"Directorio Camcap - CAMCAP - Instituto de Formaci\u00f3n de la C\u00e1mara Aduanera de Chile A.G\",\"isPartOf\":{\"@id\":\"https:\/\/www.camcap.cl\/corporativa\/#website\"},\"primaryImageOfPage\":{\"@id\":\"https:\/\/www.camcap.cl\/corporativa\/directorio-camcap\/#primaryimage\"},\"image\":{\"@id\":\"https:\/\/www.camcap.cl\/corporativa\/directorio-camcap\/#primaryimage\"},\"thumbnailUrl\":\"https:\/\/www.camcap.cl\/corporativa\/wp-content\/uploads\/2019\/08\/felipe_serrano_solar_presidente_3.png\",\"datePublished\":\"2019-07-08T19:03:54+00:00\",\"dateModified\":\"2025-07-25T16:22:28+00:00\",\"breadcrumb\":{\"@id\":\"https:\/\/www.camcap.cl\/corporativa\/directorio-camcap\/#breadcrumb\"},\"inLanguage\":\"es-CL\",\"potentialAction\":[{\"@type\":\"ReadAction\",\"target\":[\"https:\/\/www.camcap.cl\/corporativa\/directorio-camcap\/\"]}]},{\"@type\":\"ImageObject\",\"inLanguage\":\"es-CL\",\"@id\":\"https:\/\/www.camcap.cl\/corporativa\/directorio-camcap\/#primaryimage\",\"url\":\"https:\/\/www.camcap.cl\/corporativa\/wp-content\/uploads\/2019\/08\/felipe_serrano_solar_presidente_3.png\",\"contentUrl\":\"https:\/\/www.camcap.cl\/corporativa\/wp-content\/uploads\/2019\/08\/felipe_serrano_solar_presidente_3.png\",\"width\":300,\"height\":300},{\"@type\":\"BreadcrumbList\",\"@id\":\"https:\/\/www.camcap.cl\/corporativa\/directorio-camcap\/#breadcrumb\",\"itemListElement\":[{\"@type\":\"ListItem\",\"position\":1,\"name\":\"Inicio\",\"item\":\"https:\/\/www.camcap.cl\/corporativa\/\"},{\"@type\":\"ListItem\",\"position\":2,\"name\":\"Directorio Camcap\"}]},{\"@type\":\"WebSite\",\"@id\":\"https:\/\/www.camcap.cl\/corporativa\/#website\",\"url\":\"https:\/\/www.camcap.cl\/corporativa\/\",\"name\":\"CAMCAP - Instituto de Formaci\u00f3n de la C\u00e1mara Aduanera de Chile A.G\",\"description\":\"Instituto de Formaci\u00f3n de la C\u00e1mara Aduanera de Chile A.G\",\"potentialAction\":[{\"@type\":\"SearchAction\",\"target\":{\"@type\":\"EntryPoint\",\"urlTemplate\":\"https:\/\/www.camcap.cl\/corporativa\/?s={search_term_string}\"},\"query-input\":{\"@type\":\"PropertyValueSpecification\",\"valueRequired\":true,\"valueName\":\"search_term_string\"}}],\"inLanguage\":\"es-CL\"}]}<\/script>\n<!-- \/ Yoast SEO plugin. -->","yoast_head_json":{"title":"Directorio Camcap - CAMCAP - Instituto de Formaci\u00f3n de la C\u00e1mara Aduanera de Chile A.G","robots":{"index":"index","follow":"follow","max-snippet":"max-snippet:-1","max-image-preview":"max-image-preview:large","max-video-preview":"max-video-preview:-1"},"canonical":"https:\/\/www.camcap.cl\/corporativa\/directorio-camcap\/","og_locale":"es_ES","og_type":"article","og_title":"Directorio Camcap - CAMCAP - Instituto de Formaci\u00f3n de la C\u00e1mara Aduanera de Chile A.G","og_description":"Felipe Serrano Presidente Luis Vargas Figueroa Director Tesorero Alejandro Etcheverry Aretsen Director Hern\u00e1n Bustos D\u00edaz Director Ejecutivo","og_url":"https:\/\/www.camcap.cl\/corporativa\/directorio-camcap\/","og_site_name":"CAMCAP - Instituto de Formaci\u00f3n de la C\u00e1mara Aduanera de Chile A.G","article_modified_time":"2025-07-25T16:22:28+00:00","og_image":[{"width":300,"height":300,"url":"https:\/\/www.camcap.cl\/corporativa\/wp-content\/uploads\/2019\/08\/felipe_serrano_solar_presidente_3.png","type":"image\/png"}],"twitter_card":"summary_large_image","twitter_misc":{"Tiempo estimado de lectura":"1 minuto"},"schema":{"@context":"https:\/\/schema.org","@graph":[{"@type":"WebPage","@id":"https:\/\/www.camcap.cl\/corporativa\/directorio-camcap\/","url":"https:\/\/www.camcap.cl\/corporativa\/directorio-camcap\/","name":"Directorio Camcap - CAMCAP - Instituto de Formaci\u00f3n de la C\u00e1mara Aduanera de Chile A.G","isPartOf":{"@id":"https:\/\/www.camcap.cl\/corporativa\/#website"},"primaryImageOfPage":{"@id":"https:\/\/www.camcap.cl\/corporativa\/directorio-camcap\/#primaryimage"},"image":{"@id":"https:\/\/www.camcap.cl\/corporativa\/directorio-camcap\/#primaryimage"},"thumbnailUrl":"https:\/\/www.camcap.cl\/corporativa\/wp-content\/uploads\/2019\/08\/felipe_serrano_solar_presidente_3.png","datePublished":"2019-07-08T19:03:54+00:00","dateModified":"2025-07-25T16:22:28+00:00","breadcrumb":{"@id":"https:\/\/www.camcap.cl\/corporativa\/directorio-camcap\/#breadcrumb"},"inLanguage":"es-CL","potentialAction":[{"@type":"ReadAction","target":["https:\/\/www.camcap.cl\/corporativa\/directorio-camcap\/"]}]},{"@type":"ImageObject","inLanguage":"es-CL","@id":"https:\/\/www.camcap.cl\/corporativa\/directorio-camcap\/#primaryimage","url":"https:\/\/www.camcap.cl\/corporativa\/wp-content\/uploads\/2019\/08\/felipe_serrano_solar_presidente_3.png","contentUrl":"https:\/\/www.camcap.cl\/corporativa\/wp-content\/uploads\/2019\/08\/felipe_serrano_solar_presidente_3.png","width":300,"height":300},{"@type":"BreadcrumbList","@id":"https:\/\/www.camcap.cl\/corporativa\/directorio-camcap\/#breadcrumb","itemListElement":[{"@type":"ListItem","position":1,"name":"Inicio","item":"https:\/\/www.camcap.cl\/corporativa\/"},{"@type":"ListItem","position":2,"name":"Directorio Camcap"}]},{"@type":"WebSite","@id":"https:\/\/www.camcap.cl\/corporativa\/#website","url":"https:\/\/www.camcap.cl\/corporativa\/","name":"CAMCAP - Instituto de Formaci\u00f3n de la C\u00e1mara Aduanera de Chile A.G","description":"Instituto de Formaci\u00f3n de la C\u00e1mara Aduanera de Chile A.G","potentialAction":[{"@type":"SearchAction","target":{"@type":"EntryPoint","urlTemplate":"https:\/\/www.camcap.cl\/corporativa\/?s={search_term_string}"},"query-input":{"@type":"PropertyValueSpecification","valueRequired":true,"valueName":"search_term_string"}}],"inLanguage":"es-CL"}]}},"_links":{"self":[{"href":"https:\/\/www.camcap.cl\/corporativa\/wp-json\/wp\/v2\/pages\/45"}],"collection":[{"href":"https:\/\/www.camcap.cl\/corporativa\/wp-json\/wp\/v2\/pages"}],"about":[{"href":"https:\/\/www.camcap.cl\/corporativa\/wp-json\/wp\/v2\/types\/page"}],"author":[{"embeddable":true,"href":"https:\/\/www.camcap.cl\/corporativa\/wp-json\/wp\/v2\/users\/1"}],"replies":[{"embeddable":true,"href":"https:\/\/www.camcap.cl\/corporativa\/wp-json\/wp\/v2\/comments?post=45"}],"version-history":[{"count":26,"href":"https:\/\/www.camcap.cl\/corporativa\/wp-json\/wp\/v2\/pages\/45\/revisions"}],"predecessor-version":[{"id":457,"href":"https:\/\/www.camcap.cl\/corporativa\/wp-json\/wp\/v2\/pages\/45\/revisions\/457"}],"wp:attachment":[{"href":"https:\/\/www.camcap.cl\/corporativa\/wp-json\/wp\/v2\/media?parent=45"}],"curies":[{"name":"wp","href":"https:\/\/api.w.org\/{rel}","templated":true}]}}